{"id":13,"date":"2010-01-03T18:08:02","date_gmt":"2010-01-03T14:08:02","guid":{"rendered":"http:\/\/fewo-bannewitz.de\/?page_id=13"},"modified":"2024-08-04T13:38:36","modified_gmt":"2024-08-04T09:38:36","slug":"ferienwohnung","status":"publish","type":"page","link":"https:\/\/fewo-bannewitz.de\/index.php\/ferienwohnung\/","title":{"rendered":"Ferienwohnung"},"content":{"rendered":"\n\t\t<style type=\"text\/css\">\n\t\t\t#gallery-1 {\n\t\t\t\tmargin: auto;\n\t\t\t}\n\t\t\t#gallery-1 .gallery-item {\n\t\t\t\tfloat: left;\n\t\t\t\tmargin-top: 10px;\n\t\t\t\ttext-align: center;\n\t\t\t\twidth: 33%;\n\t\t\t}\n\t\t\t#gallery-1 img {\n\t\t\t\tborder: 2px solid #cfcfcf;\n\t\t\t}\n\t\t\t#gallery-1 .gallery-caption {\n\t\t\t\tmargin-left: 0;\n\t\t\t}\n\t\t\t\/* see gallery_shortcode() in wp-includes\/media.php *\/\n\t\t<\/style>\n\t\t<div id='gallery-1' class='gallery galleryid-13 gallery-columns-3 gallery-size-thumbnail'><dl class='gallery-item'>\n\t\t\t<dt class='gallery-icon landscape'>\n\t\t\t\t<a href='https:\/\/fewo-bannewitz.de\/index.php\/ferienwohnung\/hausansicht-2\/'><img width=\"150\" height=\"150\" src=\"https:\/\/fewo-bannewitz.de\/wp-content\/uploads\/2023\/07\/Hausansicht-150x150.jpg\" class=\"attachment-thumbnail size-thumbnail\" alt=\"\" decoding=\"async\" loading=\"lazy\" aria-describedby=\"gallery-1-512\" \/><\/a>\n\t\t\t<\/dt>\n\t\t\t\t<dd class='wp-caption-text gallery-caption' id='gallery-1-512'>\n\t\t\t\tHausansicht\n\t\t\t\t<\/dd><\/dl><dl class='gallery-item'>\n\t\t\t<dt class='gallery-icon landscape'>\n\t\t\t\t<a href='https:\/\/fewo-bannewitz.de\/index.php\/ferienwohnung\/schlafen\/'><img width=\"150\" height=\"150\" src=\"https:\/\/fewo-bannewitz.de\/wp-content\/uploads\/2023\/08\/Schlafen-150x150.jpg\" class=\"attachment-thumbnail size-thumbnail\" alt=\"\" decoding=\"async\" loading=\"lazy\" aria-describedby=\"gallery-1-536\" \/><\/a>\n\t\t\t<\/dt>\n\t\t\t\t<dd class='wp-caption-text gallery-caption' id='gallery-1-536'>\n\t\t\t\tSchlafen\n\t\t\t\t<\/dd><\/dl><dl class='gallery-item'>\n\t\t\t<dt class='gallery-icon landscape'>\n\t\t\t\t<a href='https:\/\/fewo-bannewitz.de\/index.php\/ferienwohnung\/dscf2101\/'><img width=\"150\" height=\"150\" src=\"https:\/\/fewo-bannewitz.de\/wp-content\/uploads\/2023\/08\/DSCF2101-150x150.jpg\" class=\"attachment-thumbnail size-thumbnail\" alt=\"\" decoding=\"async\" loading=\"lazy\" \/><\/a>\n\t\t\t<\/dt><\/dl><br style=\"clear: both\" \/><dl class='gallery-item'>\n\t\t\t<dt class='gallery-icon landscape'>\n\t\t\t\t<a href='https:\/\/fewo-bannewitz.de\/index.php\/ferienwohnung\/wohnen\/'><img width=\"150\" height=\"150\" src=\"https:\/\/fewo-bannewitz.de\/wp-content\/uploads\/2023\/08\/Wohnen-150x150.jpg\" class=\"attachment-thumbnail size-thumbnail\" alt=\"\" decoding=\"async\" loading=\"lazy\" aria-describedby=\"gallery-1-537\" \/><\/a>\n\t\t\t<\/dt>\n\t\t\t\t<dd class='wp-caption-text gallery-caption' id='gallery-1-537'>\n\t\t\t\tWohnen\n\t\t\t\t<\/dd><\/dl><dl class='gallery-item'>\n\t\t\t<dt class='gallery-icon landscape'>\n\t\t\t\t<a href='https:\/\/fewo-bannewitz.de\/index.php\/ferienwohnung\/dscf2110\/'><img width=\"150\" height=\"150\" src=\"https:\/\/fewo-bannewitz.de\/wp-content\/uploads\/2023\/08\/DSCF2110-150x150.jpg\" class=\"attachment-thumbnail size-thumbnail\" alt=\"\" decoding=\"async\" loading=\"lazy\" \/><\/a>\n\t\t\t<\/dt><\/dl><dl class='gallery-item'>\n\t\t\t<dt class='gallery-icon landscape'>\n\t\t\t\t<a href='https:\/\/fewo-bannewitz.de\/index.php\/ferienwohnung\/kueche\/'><img width=\"150\" height=\"150\" src=\"https:\/\/fewo-bannewitz.de\/wp-content\/uploads\/2023\/08\/Kueche-150x150.jpg\" class=\"attachment-thumbnail size-thumbnail\" alt=\"\" decoding=\"async\" loading=\"lazy\" aria-describedby=\"gallery-1-535\" \/><\/a>\n\t\t\t<\/dt>\n\t\t\t\t<dd class='wp-caption-text gallery-caption' id='gallery-1-535'>\n\t\t\t\tK\u00fcche\n\t\t\t\t<\/dd><\/dl><br style=\"clear: both\" \/><dl class='gallery-item'>\n\t\t\t<dt class='gallery-icon landscape'>\n\t\t\t\t<a href='https:\/\/fewo-bannewitz.de\/index.php\/ferienwohnung\/bad\/'><img width=\"150\" height=\"150\" src=\"https:\/\/fewo-bannewitz.de\/wp-content\/uploads\/2023\/08\/Bad-150x150.jpg\" class=\"attachment-thumbnail size-thumbnail\" alt=\"\" decoding=\"async\" loading=\"lazy\" aria-describedby=\"gallery-1-534\" \/><\/a>\n\t\t\t<\/dt>\n\t\t\t\t<dd class='wp-caption-text gallery-caption' id='gallery-1-534'>\n\t\t\t\tBad\n\t\t\t\t<\/dd><\/dl><dl class='gallery-item'>\n\t\t\t<dt class='gallery-icon landscape'>\n\t\t\t\t<a href='https:\/\/fewo-bannewitz.de\/index.php\/ferienwohnung\/dscf2119_kl\/'><img width=\"150\" height=\"150\" src=\"https:\/\/fewo-bannewitz.de\/wp-content\/uploads\/2023\/08\/DSCF2119_kl-150x150.jpg\" class=\"attachment-thumbnail size-thumbnail\" alt=\"\" decoding=\"async\" loading=\"lazy\" aria-describedby=\"gallery-1-539\" \/><\/a>\n\t\t\t<\/dt>\n\t\t\t\t<dd class='wp-caption-text gallery-caption' id='gallery-1-539'>\n\t\t\t\tAu\u00dfenpool\n\t\t\t\t<\/dd><\/dl><dl class='gallery-item'>\n\t\t\t<dt class='gallery-icon landscape'>\n\t\t\t\t<a href='https:\/\/fewo-bannewitz.de\/index.php\/ferienwohnung\/gartenecke_klein\/'><img width=\"150\" height=\"150\" src=\"https:\/\/fewo-bannewitz.de\/wp-content\/uploads\/2010\/01\/Gartenecke_klein-150x150.jpg\" class=\"attachment-thumbnail size-thumbnail\" alt=\"\" decoding=\"async\" loading=\"lazy\" aria-describedby=\"gallery-1-206\" \/><\/a>\n\t\t\t<\/dt>\n\t\t\t\t<dd class='wp-caption-text gallery-caption' id='gallery-1-206'>\n\t\t\t\tSitzplatz im Gr\u00fcnen\n\t\t\t\t<\/dd><\/dl><br style=\"clear: both\" \/>\n\t\t<\/div>\n\n<p><strong>Aufteilung der Ferienwohnung<\/strong><\/p>\n<p>Personen: max. 2 Personen 1 Kind<\/p>\n<p>Wohnfl\u00e4che: 35 qm<\/p>\n<p><strong>Verpflegung<\/strong><\/p>\n<p>Selbstverpflegung<\/p>\n<p><strong>Zimmer:<\/strong><\/p>\n<p>Wohn- Schlafraum<\/p>\n<p>K\u00fcche<\/p>\n<p>Badezimmer mit Dusche<\/p>\n<p>Flur<\/p>\n<p>Balkon<\/p>\n<p><strong>Ausstattung Innen:<br \/>\n<\/strong><\/p>\n<p><strong>Unterhaltung: kostenl. WLAN, <\/strong>Fernseher, Radio mit CD-Player<\/p>\n<p>Extras: Heizung (Fu\u00dfbodenheizung im Wohnbereich)<\/p>\n<p>Schlafbereich: Doppelbett (f\u00fcr Kind &#8211; Schlafsofa), Bettw\u00e4sche vorhanden<\/p>\n<p><strong>K\u00fcche:<\/strong><\/p>\n<p>Komplett eingerichtete Einbauk\u00fcche, K\u00fchlschrank mit Gefrierfach, Herd mit Ceranfeld (Backofen), Sp\u00fclmaschine, Kaffeemaschine, Wasserkocher, Toaster, Mikrowelle, K\u00fcchenw\u00e4sche<\/p>\n<p><strong>Bad<\/strong><\/p>\n<p>Duschbad, F\u00f6n, Handt\u00fccher vorhanden (Waschmaschine und Trockner bei Bedarf zur Mitbenutzung in separatem Raum).<\/p>\n<p><strong>Ausstattung Au\u00dfen:<\/strong><\/p>\n<p>Gartenbereich, Holztisch und Bank, Grillm\u00f6glichkeit<\/p>\n<p>Pool (Nutzung Juni &#8211; August)<\/p>\n<p><em><strong>PKW-Stellplatz auf dem Grundst\u00fcck &#8211; separater Eingang<\/strong><\/em><\/p>\n<p><strong><em>Zus\u00e4tzliches<\/em><\/strong><br \/>\nUnsere Fewo ist eine Nichtraucherwohnung &#8211; Rauchen bitte nur auf dem Balkon<\/p>\n","protected":false},"excerpt":{"rendered":"<p>Aufteilung der Ferienwohnung Personen: max. 2 Personen 1 Kind Wohnfl\u00e4che: 35 qm Verpflegung Selbstverpflegung Zimmer: Wohn- Schlafraum K\u00fcche Badezimmer mit Dusche Flur Balkon Ausstattung Innen: Unterhaltung: kostenl. WLAN, Fernseher, Radio mit CD-Player Extras: Heizung (Fu\u00dfbodenheizung im Wohnbereich) Schlafbereich: Doppelbett (f\u00fcr Kind &#8211; Schlafsofa), Bettw\u00e4sche vorhanden K\u00fcche: Komplett eingerichtete Einbauk\u00fcche, K\u00fchlschrank mit Gefrierfach, Herd mit Ceranfeld [&hellip;]<\/p>\n","protected":false},"author":1,"featured_media":0,"parent":0,"menu_order":1,"comment_status":"open","ping_status":"open","template":"","meta":[],"_links":{"self":[{"href":"https:\/\/fewo-bannewitz.de\/index.php\/wp-json\/wp\/v2\/pages\/13"}],"collection":[{"href":"https:\/\/fewo-bannewitz.de\/index.php\/wp-json\/wp\/v2\/pages"}],"about":[{"href":"https:\/\/fewo-bannewitz.de\/index.php\/wp-json\/wp\/v2\/types\/page"}],"author":[{"embeddable":true,"href":"https:\/\/fewo-bannewitz.de\/index.php\/wp-json\/wp\/v2\/users\/1"}],"replies":[{"embeddable":true,"href":"https:\/\/fewo-bannewitz.de\/index.php\/wp-json\/wp\/v2\/comments?post=13"}],"version-history":[{"count":40,"href":"https:\/\/fewo-bannewitz.de\/index.php\/wp-json\/wp\/v2\/pages\/13\/revisions"}],"predecessor-version":[{"id":582,"href":"https:\/\/fewo-bannewitz.de\/index.php\/wp-json\/wp\/v2\/pages\/13\/revisions\/582"}],"wp:attachment":[{"href":"https:\/\/fewo-bannewitz.de\/index.php\/wp-json\/wp\/v2\/media?parent=13"}],"curies":[{"name":"wp","href":"https:\/\/api.w.org\/{rel}","templated":true}]}}