{"id":16,"date":"2010-01-03T18:21:45","date_gmt":"2010-01-03T14:21:45","guid":{"rendered":"http:\/\/fewo-bannewitz.de\/?page_id=16"},"modified":"2016-01-30T19:27:37","modified_gmt":"2016-01-30T15:27:37","slug":"anfahrt","status":"publish","type":"page","link":"https:\/\/fewo-bannewitz.de\/index.php\/anfahrt\/","title":{"rendered":"Anfahrt"},"content":{"rendered":"<h2>Karte<\/h2>\n<style type=\"text\/css\">#map_1 {clear: both; padding: 0px; margin: 0px; border: 0px; width: 100%; height: 100%; margin-top:0px; margin-right:0px;margin-left:0px; margin-bottom:0px; left: 0px; border-radius:0px;\nbox-shadow: none;}#map_1 img{clear: both; padding: 0px; margin: 0px; border: 0px; width: 100%; height: 100%; position: absolute; margin-top:0px; margin-right:0px;margin-left:0px; margin-bottom:0px; border-radius:0px;\nbox-shadow: none;}<\/style><div id=\"map_1\" class=\"OSM_Map\" style=\"width:500px; height:300px; overflow:hidden;padding:0px;border:none;\"><script type=\"text\/javascript\">\/* <![CDATA[ *\/(function($) { OpenLayers.ImgPath = \"https:\/\/fewo-bannewitz.de\/wp-content\/plugins\/osm\/themes\/ol\/\"; map_1 = new OpenLayers.Map (\"map_1\", {            controls:[              new OpenLayers.Control.Navigation(),              new OpenLayers.Control.PanZoom(),              new OpenLayers.Control.Attribution()              ],          maxExtent: new OpenLayers.Bounds(-20037508.34,-20037508.34,20037508.34,20037508.34),          maxResolution: 156543.0399,          numZoomLevels: 19,          units: \"m\",          projection: new OpenLayers.Projection(\"EPSG:900913\"),          displayProjection: new OpenLayers.Projection(\"EPSG:4326\")      } );var layerMapnik = new OpenLayers.Layer.OSM.Mapnik(\"Mapnik\");var layerCycle  = new OpenLayers.Layer.OSM.CycleMap(\"CycleMap\");map_1.addLayers([layerMapnik, layerCycle]);map_1.addControl(new OpenLayers.Control.LayerSwitcher());var lonLat = new OpenLayers.LonLat(13.711,50.995).transform(map_1.displayProjection, map_1.projection);map_1.setCenter (lonLat,13);var MarkerLayer = new OpenLayers.Layer.Markers(\"Marker\");map_1.addLayer(MarkerLayer);\n      function osm_map_1MarkerPopUpClick(a_evt){\n        if (this.popup == null){\n          this.popup = this.createPopup(this.closeBox);\n          map_1.addPopup(this.popup);\n          this.popup.show();\n        }\n        else{\n          for (var i = 0; i < map_1.popups.length; i++){\n          map_1.popups[i].hide();\n          }\n          this.popup.toggle();\n        }\n        OpenLayers.Event.stop(a_evt);\n      }\n    var map_1IconArray = [];var Mdata = {};\n        Mdata.icon = new OpenLayers.Icon(\"https:\/\/fewo-bannewitz.de\/wp-content\/plugins\/osm\/icons\/guest_house.png\",\n          new OpenLayers.Size(32,32),\n          new OpenLayers.Pixel(-16, -16));map_1IconArray.push(Mdata);var ll = new OpenLayers.LonLat(13.708,50.984).transform(map_1.displayProjection, map_1.projection);var feature = new OpenLayers.Feature(MarkerLayer, ll, map_1IconArray[0]);feature.closeBox = true;feature.popupClass = OpenLayers.Class(OpenLayers.Popup.FramedCloud, {\"autoSize\": true, minSize: new OpenLayers.Size(150,150),\"keepInMap\": true } );feature.data.popupContentHTML = \"\";feature.data.overflow = \"hidden\";var marker = new OpenLayers.Marker(ll,map_1IconArray[0].icon.clone());marker.feature = feature;MarkerLayer.addMarker(marker);var lonLat = new OpenLayers.LonLat(13.711,50.995).transform(map_1.displayProjection, map_1.projection);map_1.setCenter (lonLat,13);})(jQuery)\/* ]]> *\/ <\/script><\/div>\n<h2>Anreise mit dem Auto<\/h2>\n<p>Am Autobahndreieck Dresden wechseln sie von der A4 auf die A17 Richtung Prag.\u00a0 An der Ausfahrt 3 Dresden S\u00fcdvorstadt fahren sie rechts in Richtung Bannewitz auf die B 170. Nach 2,8 km biegen sie nach dem Ortseingangsschild &#8222;Welschhufe&#8220; rechts in die Welschhufer Strasse und folgen 800 m der Hauptstrasse bis sie den Amselgrund 22 erreichen (Hinterhaus).<\/p>\n<p>[Bild Haus Pietsch]<\/p>\n<h2>Anreise mit dem Flugzeug<\/h2>\n<p>Fliegen Sie bis Dresden Flughafen. Dort steigen Sie in die unterirdisch ankommende S-Bahn zum Dresdener Hauptbahnhof ein. Folgen Sie nun der Anreise via \u00d6PNV.<\/p>\n<h2>Anreise mit dem \u00d6PNV<\/h2>\n<p>Fahren Sie mit dem Zug bis Dresden Hbf. Am Dresdener Hauptbahnhof f\u00e4hrt die Linie 360 zwischen den Br\u00fccken in der N\u00e4he der Haltestelle der Linien 3 und 8 ab. Fahren Sie mit der Linie 360 bis zur Haltestelle Bannewitz Welschhufe.<\/p>\n<p>Laufen Sie dann den schmalen Steig herunter und folgen Sie der Hauptstra\u00dfe ca. 5 Minuten bergab.<\/p>\n<p>Die Linie 360 f\u00e4hrt tags\u00fcber im 30 Minutentakt. Nachts und teilweise am Wochenende allerdings nur im Stundentakt. Wenn Sie ab Hauptbahnhof fahren gibt es eine Spezialfahrkarte, sodass Sie nur eine Zone l\u00f6sen m\u00fcssen (bitte fragen Sie den Busfahrer danach). Sobald Sie auch in Dresden unterwegs sein m\u00f6chten, ben\u00f6tigen Sie allerdings einen 2-Zonen Karte.<\/p>\n<p>Eine genaue Auskunft zu Ihrer Fahrt erhalten Sie bei der <a title=\"Reiseauskunft der Deutschen Bahn\" href=\"http:\/\/reiseauskunft.bahn.de\/\" target=\"_blank\">Deutschen Bahn AG<\/a>.<\/p>\n<p>Gern holen wir Sie, wann immer sie ankommen, vom Bahnhof oder Flughafen ab, bitte vereinbaren Sie telefonisch einen Abholtermin mit uns.<\/p>\n","protected":false},"excerpt":{"rendered":"<p>Karte Anreise mit dem Auto Am Autobahndreieck Dresden wechseln sie von der A4 auf die A17 Richtung Prag.\u00a0 An der Ausfahrt 3 Dresden S\u00fcdvorstadt fahren sie rechts in Richtung Bannewitz auf die B 170. Nach 2,8 km biegen sie nach dem Ortseingangsschild &#8222;Welschhufe&#8220; rechts in die Welschhufer Strasse und folgen 800 m der Hauptstrasse bis [&hellip;]<\/p>\n","protected":false},"author":1,"featured_media":0,"parent":0,"menu_order":1,"comment_status":"open","ping_status":"open","template":"","meta":[],"_links":{"self":[{"href":"https:\/\/fewo-bannewitz.de\/index.php\/wp-json\/wp\/v2\/pages\/16"}],"collection":[{"href":"https:\/\/fewo-bannewitz.de\/index.php\/wp-json\/wp\/v2\/pages"}],"about":[{"href":"https:\/\/fewo-bannewitz.de\/index.php\/wp-json\/wp\/v2\/types\/page"}],"author":[{"embeddable":true,"href":"https:\/\/fewo-bannewitz.de\/index.php\/wp-json\/wp\/v2\/users\/1"}],"replies":[{"embeddable":true,"href":"https:\/\/fewo-bannewitz.de\/index.php\/wp-json\/wp\/v2\/comments?post=16"}],"version-history":[{"count":20,"href":"https:\/\/fewo-bannewitz.de\/index.php\/wp-json\/wp\/v2\/pages\/16\/revisions"}],"predecessor-version":[{"id":325,"href":"https:\/\/fewo-bannewitz.de\/index.php\/wp-json\/wp\/v2\/pages\/16\/revisions\/325"}],"wp:attachment":[{"href":"https:\/\/fewo-bannewitz.de\/index.php\/wp-json\/wp\/v2\/media?parent=16"}],"curies":[{"name":"wp","href":"https:\/\/api.w.org\/{rel}","templated":true}]}}