{"id":48,"date":"2010-01-21T21:50:32","date_gmt":"2010-01-21T17:50:32","guid":{"rendered":"http:\/\/fewo-bannewitz.de\/?page_id=48"},"modified":"2023-08-15T12:35:00","modified_gmt":"2023-08-15T08:35:00","slug":"willkommen","status":"publish","type":"page","link":"https:\/\/fewo-bannewitz.de\/","title":{"rendered":"Willkommen"},"content":{"rendered":"<p>Besuchen Sie Dresden, und genie\u00dfen Sie dennoch die Ruhe einer l\u00e4ndlichen Atmosph\u00e4re.<\/p>\n<p>Ihre Ferienwohnung befindet sich im 1. Stock eines Einfamilienhauses, 8 km vom Stadtzentrum Dresden entfernt in Bannewitz (Welschhufe),&nbsp; in unmittelbarer Waldn\u00e4he an einem Golfplatz. Von hier aus k\u00f6nnen sie zentral Zinnwald (Tschechien), das Erzgebirge, die S\u00e4chsische Schweiz, Mei\u00dfen, Pillnitz erreichen.<\/p>\n<p>Von ihrer Ferienwohnung aus erreichen Sie mit dem \u00d6PNV in 25 Minuten die Dresdner Innenstadt (10 Minuten mit dem PKW) und von der Innenstadt mit Bus oder S-Bahn die o.g. nahen Ziele.<\/p>\n\n\t\t<style type=\"text\/css\">\n\t\t\t#gallery-1 {\n\t\t\t\tmargin: auto;\n\t\t\t}\n\t\t\t#gallery-1 .gallery-item {\n\t\t\t\tfloat: left;\n\t\t\t\tmargin-top: 10px;\n\t\t\t\ttext-align: center;\n\t\t\t\twidth: 33%;\n\t\t\t}\n\t\t\t#gallery-1 img {\n\t\t\t\tborder: 2px solid #cfcfcf;\n\t\t\t}\n\t\t\t#gallery-1 .gallery-caption {\n\t\t\t\tmargin-left: 0;\n\t\t\t}\n\t\t\t\/* see gallery_shortcode() in wp-includes\/media.php *\/\n\t\t<\/style>\n\t\t<div id='gallery-1' class='gallery galleryid-48 gallery-columns-3 gallery-size-thumbnail'><dl class='gallery-item'>\n\t\t\t<dt class='gallery-icon landscape'>\n\t\t\t\t<a href='https:\/\/fewo-bannewitz.de\/wp-content\/uploads\/2023\/07\/Hausansicht-scaled.jpg'><img width=\"150\" height=\"150\" src=\"https:\/\/fewo-bannewitz.de\/wp-content\/uploads\/2023\/07\/Hausansicht-150x150.jpg\" class=\"attachment-thumbnail size-thumbnail\" alt=\"\" decoding=\"async\" loading=\"lazy\" aria-describedby=\"gallery-1-512\" \/><\/a>\n\t\t\t<\/dt>\n\t\t\t\t<dd class='wp-caption-text gallery-caption' id='gallery-1-512'>\n\t\t\t\tHausansicht\n\t\t\t\t<\/dd><\/dl><dl class='gallery-item'>\n\t\t\t<dt class='gallery-icon landscape'>\n\t\t\t\t<a href='https:\/\/fewo-bannewitz.de\/wp-content\/uploads\/2023\/08\/Schlafen.jpg'><img width=\"150\" height=\"150\" src=\"https:\/\/fewo-bannewitz.de\/wp-content\/uploads\/2023\/08\/Schlafen-150x150.jpg\" class=\"attachment-thumbnail size-thumbnail\" alt=\"\" decoding=\"async\" loading=\"lazy\" aria-describedby=\"gallery-1-536\" \/><\/a>\n\t\t\t<\/dt>\n\t\t\t\t<dd class='wp-caption-text gallery-caption' id='gallery-1-536'>\n\t\t\t\tSchlafen\n\t\t\t\t<\/dd><\/dl><dl class='gallery-item'>\n\t\t\t<dt class='gallery-icon landscape'>\n\t\t\t\t<a href='https:\/\/fewo-bannewitz.de\/wp-content\/uploads\/2023\/08\/Wohnen.jpg'><img width=\"150\" height=\"150\" src=\"https:\/\/fewo-bannewitz.de\/wp-content\/uploads\/2023\/08\/Wohnen-150x150.jpg\" class=\"attachment-thumbnail size-thumbnail\" alt=\"\" decoding=\"async\" loading=\"lazy\" aria-describedby=\"gallery-1-537\" \/><\/a>\n\t\t\t<\/dt>\n\t\t\t\t<dd class='wp-caption-text gallery-caption' id='gallery-1-537'>\n\t\t\t\tWohnen\n\t\t\t\t<\/dd><\/dl><br style=\"clear: both\" \/><dl class='gallery-item'>\n\t\t\t<dt class='gallery-icon landscape'>\n\t\t\t\t<a href='https:\/\/fewo-bannewitz.de\/wp-content\/uploads\/2023\/08\/Kueche.jpg'><img width=\"150\" height=\"150\" src=\"https:\/\/fewo-bannewitz.de\/wp-content\/uploads\/2023\/08\/Kueche-150x150.jpg\" class=\"attachment-thumbnail size-thumbnail\" alt=\"\" decoding=\"async\" loading=\"lazy\" aria-describedby=\"gallery-1-535\" \/><\/a>\n\t\t\t<\/dt>\n\t\t\t\t<dd class='wp-caption-text gallery-caption' id='gallery-1-535'>\n\t\t\t\tK\u00fcche\n\t\t\t\t<\/dd><\/dl><dl class='gallery-item'>\n\t\t\t<dt class='gallery-icon landscape'>\n\t\t\t\t<a href='https:\/\/fewo-bannewitz.de\/wp-content\/uploads\/2023\/08\/Bad.jpg'><img width=\"150\" height=\"150\" src=\"https:\/\/fewo-bannewitz.de\/wp-content\/uploads\/2023\/08\/Bad-150x150.jpg\" class=\"attachment-thumbnail size-thumbnail\" alt=\"\" decoding=\"async\" loading=\"lazy\" aria-describedby=\"gallery-1-534\" \/><\/a>\n\t\t\t<\/dt>\n\t\t\t\t<dd class='wp-caption-text gallery-caption' id='gallery-1-534'>\n\t\t\t\tBad\n\t\t\t\t<\/dd><\/dl><dl class='gallery-item'>\n\t\t\t<dt class='gallery-icon landscape'>\n\t\t\t\t<a href='https:\/\/fewo-bannewitz.de\/wp-content\/uploads\/2023\/08\/DSCF2119_kl.jpg'><img width=\"150\" height=\"150\" src=\"https:\/\/fewo-bannewitz.de\/wp-content\/uploads\/2023\/08\/DSCF2119_kl-150x150.jpg\" class=\"attachment-thumbnail size-thumbnail\" alt=\"\" decoding=\"async\" loading=\"lazy\" aria-describedby=\"gallery-1-539\" \/><\/a>\n\t\t\t<\/dt>\n\t\t\t\t<dd class='wp-caption-text gallery-caption' id='gallery-1-539'>\n\t\t\t\tAu\u00dfenpool\n\t\t\t\t<\/dd><\/dl><br style=\"clear: both\" \/>\n\t\t<\/div>\n\n","protected":false},"excerpt":{"rendered":"<p>Besuchen Sie Dresden, und genie\u00dfen Sie dennoch die Ruhe einer l\u00e4ndlichen Atmosph\u00e4re. Ihre Ferienwohnung befindet sich im 1. Stock eines Einfamilienhauses, 8 km vom Stadtzentrum Dresden entfernt in Bannewitz (Welschhufe),&nbsp; in unmittelbarer Waldn\u00e4he an einem Golfplatz. Von hier aus k\u00f6nnen sie zentral Zinnwald (Tschechien), das Erzgebirge, die S\u00e4chsische Schweiz, Mei\u00dfen, Pillnitz erreichen. Von ihrer Ferienwohnung [&hellip;]<\/p>\n","protected":false},"author":1,"featured_media":0,"parent":0,"menu_order":0,"comment_status":"closed","ping_status":"open","template":"","meta":[],"_links":{"self":[{"href":"https:\/\/fewo-bannewitz.de\/index.php\/wp-json\/wp\/v2\/pages\/48"}],"collection":[{"href":"https:\/\/fewo-bannewitz.de\/index.php\/wp-json\/wp\/v2\/pages"}],"about":[{"href":"https:\/\/fewo-bannewitz.de\/index.php\/wp-json\/wp\/v2\/types\/page"}],"author":[{"embeddable":true,"href":"https:\/\/fewo-bannewitz.de\/index.php\/wp-json\/wp\/v2\/users\/1"}],"replies":[{"embeddable":true,"href":"https:\/\/fewo-bannewitz.de\/index.php\/wp-json\/wp\/v2\/comments?post=48"}],"version-history":[{"count":35,"href":"https:\/\/fewo-bannewitz.de\/index.php\/wp-json\/wp\/v2\/pages\/48\/revisions"}],"predecessor-version":[{"id":573,"href":"https:\/\/fewo-bannewitz.de\/index.php\/wp-json\/wp\/v2\/pages\/48\/revisions\/573"}],"wp:attachment":[{"href":"https:\/\/fewo-bannewitz.de\/index.php\/wp-json\/wp\/v2\/media?parent=48"}],"curies":[{"name":"wp","href":"https:\/\/api.w.org\/{rel}","templated":true}]}}